{"id":13825,"date":"2025-11-12T14:44:58","date_gmt":"2025-11-12T14:44:58","guid":{"rendered":"https:\/\/agroprimavera.com.ar\/retiros\/?page_id=13825"},"modified":"2025-11-13T10:25:04","modified_gmt":"2025-11-13T10:25:04","slug":"preguntas-frecuentes","status":"publish","type":"page","link":"https:\/\/agroprimavera.com.ar\/retiros\/preguntas-frecuentes\/","title":{"rendered":"Preguntas frecuentes"},"content":{"rendered":"\t<section class=\"section has-parallax\" id=\"section_679332926\">\n\t\t<div class=\"bg section-bg fill bg-fill  \" data-parallax-container=\".section\" data-parallax-background data-parallax=\"-10\">\n\n\t\t\t\n\t\t\t<div class=\"section-bg-overlay absolute fill\"><\/div>\n\t\t\t\n\n\t\t<\/div>\n\n\t\t\n\n\t\t<div class=\"section-content relative\">\n\t\t\t\r\n\r\n<div class=\"row\"  id=\"row-1058417678\">\r\n\r\n\n\t<div id=\"col-1346519519\" class=\"col medium-5 small-12 large-5\"  >\n\t\t\t\t<div class=\"col-inner text-left dark\"  >\n\t\t\t\n\t\t\t\r\n<h1><span style=\"font-size: 180%;\">Preguntas Frecuentes<\/span><\/h1>\r\n<div class=\"is-divider divider clearfix\" style=\"max-width:60px;background-color:rgb(255, 255, 255);\"><\/div>\r\n\r\n\t\t<\/div>\n\t\t\t\t\n<style>\n#col-1346519519 > .col-inner {\n  padding: 33px 0px 0px 0px;\n}\n<\/style>\n\t<\/div>\n\n\t\r\n\r\n<\/div>\r\n\r\n\t\t<\/div>\n\n\t\t\n<style>\n#section_679332926 {\n  padding-top: 91px;\n  padding-bottom: 91px;\n}\n#section_679332926 .section-bg-overlay {\n  background-color: rgba(0, 0, 0, 0.29);\n}\n#section_679332926 .section-bg.bg-loaded {\n  background-image: url(https:\/\/agroprimavera.com.ar\/retiros\/wp-content\/uploads\/2020\/08\/nosotros-2-scaled.jpg);\n}\n<\/style>\n\t<\/section>\n\t\n\t<section class=\"section\" id=\"section_402787394\">\n\t\t<div class=\"bg section-bg fill bg-fill  bg-loaded\" >\n\n\t\t\t\n\t\t\t\n\t\t\t\n\n\t\t<\/div>\n\n\t\t\n\n\t\t<div class=\"section-content relative\">\n\t\t\t\n<div class=\"row\"  id=\"row-744319087\">\n\n\t<div id=\"col-793928319\" class=\"col small-12 large-12\"  >\n\t\t\t\t<div class=\"col-inner\"  >\n\t\t\t\n\t\t\t\n<p><b>Preguntas Frecuentes \u2013 Retiros en Diet\u00e9ticas<\/b><\/p>\n<p><b>\u00bfC\u00f3mo hago mi pedido para retirar en una diet\u00e9tica?<\/b><\/p>\n<p><span style=\"font-weight: 400;\">Ingres\u00e1 a nuestra p\u00e1gina web www.agroprimavera.com.ar y eleg\u00ed la opci\u00f3n \u201cRetiro por diet\u00e9tica\u201d para hacer tu pedido. <\/span><\/p>\n<p><b>\u00bfQu\u00e9 puedo comprar y retirar en diet\u00e9tica?<\/b><\/p>\n<p><span style=\"font-weight: 400;\">Pod\u00e9s comprar y retirar en diet\u00e9tica el Bols\u00f3n Mixto Familiar, el Bols\u00f3n Mixto Peque\u00f1o y el maple de huevos de campo. <\/span><\/p>\n<p><b>\u00bfEn qu\u00e9 diet\u00e9ticas puedo retirar mi pedido?<\/b><\/p>\n<p><span style=\"font-weight: 400;\">Tenemos m\u00e1s de 25 diet\u00e9ticas disponibles ubicadas en la Zona Sur. Si ingres\u00e1s a la secci\u00f3n \u201cPuntos de Retiro\u201d (en el men\u00fa superior de nuestra web), vas a encontrar todas las direcciones y horarios de cada punto disponible. <\/span><\/p>\n<p><b>\u00bfCu\u00e1ndo puedo retirar mi pedido?<\/b><\/p>\n<p><span style=\"font-weight: 400;\">Los pedidos se retiran los d\u00edas jueves, en el horario indicado seg\u00fan la diet\u00e9tica elegida al momento de hacer la compra. <\/span><\/p>\n<p><b>\u00bfC\u00f3mo se paga el bols\u00f3n para retiro por diet\u00e9tica?<\/b><\/p>\n<p><span style=\"font-weight: 400;\">Tenemos tres formas de pago: A trav\u00e9s de Mercado Pago. Por transferencia bancaria. Y tambi\u00e9n pod\u00e9s pagar con Cuenta DNI, que ofrece un 40% de reintegro (hasta $6.000 semanales).<\/span><\/p>\n<p><b>\u00bfQu\u00e9 pasa si no puedo retirar mi pedido el d\u00eda jueves?<\/b><\/p>\n<p><span style=\"font-weight: 400;\">Es muy importante que, si tu pedido es un bols\u00f3n de frutas y verduras, lo retires el d\u00eda jueves. En caso de que no puedas, comunicate con la diet\u00e9tica para coordinar el retiro el d\u00eda viernes. Ten\u00e9 en cuenta que se trata de alimentos frescos, por lo que te recomendamos sacarlos de la bolsa y refrigerarlos apenas los recibas. <\/span><\/p>\n<p><b>\u00bfPuedo realizar cambios en mi bols\u00f3n?<\/b><\/p>\n<p><span style=\"font-weight: 400;\">No se pueden realizar cambios en los bolsones. Enviamos todos iguales a cada diet\u00e9tica, asegurando la misma calidad y frescura para todas las familias. <\/span><\/p>\n<p><b>\u00bfQu\u00e9 hago con la bolsa cuando retiro mi nuevo pedido?<\/b><\/p>\n<p><span style=\"font-weight: 400;\">Cuando vas a retirar tu bols\u00f3n, es importante que dejes la bolsa de tu compra anterior en la diet\u00e9tica, para que luego nos la entreguen a nosotros. De esta forma, seguimos reutilizando materiales y cuidando el ambiente entre todos. <\/span><\/p>\n<p>&nbsp;<\/p>\n\t\t<\/div>\n\t\t\t\t\t<\/div>\n\n\t\n<\/div>\n\t\t<\/div>\n\n\t\t\n<style>\n#section_402787394 {\n  padding-top: 30px;\n  padding-bottom: 30px;\n}\n<\/style>\n\t<\/section>\n\t\n","protected":false},"excerpt":{"rendered":"","protected":false},"author":7,"featured_media":0,"parent":0,"menu_order":0,"comment_status":"closed","ping_status":"closed","template":"","meta":{"footnotes":""},"class_list":["post-13825","page","type-page","status-publish","hentry"],"_links":{"self":[{"href":"https:\/\/agroprimavera.com.ar\/retiros\/wp-json\/wp\/v2\/pages\/13825"}],"collection":[{"href":"https:\/\/agroprimavera.com.ar\/retiros\/wp-json\/wp\/v2\/pages"}],"about":[{"href":"https:\/\/agroprimavera.com.ar\/retiros\/wp-json\/wp\/v2\/types\/page"}],"author":[{"embeddable":true,"href":"https:\/\/agroprimavera.com.ar\/retiros\/wp-json\/wp\/v2\/users\/7"}],"replies":[{"embeddable":true,"href":"https:\/\/agroprimavera.com.ar\/retiros\/wp-json\/wp\/v2\/comments?post=13825"}],"version-history":[{"count":7,"href":"https:\/\/agroprimavera.com.ar\/retiros\/wp-json\/wp\/v2\/pages\/13825\/revisions"}],"predecessor-version":[{"id":13843,"href":"https:\/\/agroprimavera.com.ar\/retiros\/wp-json\/wp\/v2\/pages\/13825\/revisions\/13843"}],"wp:attachment":[{"href":"https:\/\/agroprimavera.com.ar\/retiros\/wp-json\/wp\/v2\/media?parent=13825"}],"curies":[{"name":"wp","href":"https:\/\/api.w.org\/{rel}","templated":true}]}}