{"id":16,"date":"2020-01-22T03:50:33","date_gmt":"2020-01-22T03:50:33","guid":{"rendered":"http:\/\/c1710911.ferozo.com\/?page_id=16"},"modified":"2024-11-12T14:11:48","modified_gmt":"2024-11-12T14:11:48","slug":"inicio","status":"publish","type":"page","link":"https:\/\/agroprimavera.com.ar\/retiros\/","title":{"rendered":"Inicio"},"content":{"rendered":"\t<section class=\"section dark has-parallax\" id=\"section_856416284\">\n\t\t<div class=\"bg section-bg fill bg-fill  \" data-parallax-container=\".section\" data-parallax-background data-parallax=\"-5\">\n\n\t\t\t\n\t\t\t<button class=\"scroll-for-more z-5 icon absolute bottom h-center\" aria-label=\"Despl\u00e1cese para m\u00e1s\"><i class=\"icon-angle-down\" style=\"font-size:42px;\" ><\/i><\/button>\n\t\t\t\n\n\t\t<\/div>\n\n\t\t\n\n\t\t<div class=\"section-content relative\">\n\t\t\t\n<div class=\"row row-collapse align-middle align-center\"  id=\"row-815932661\">\n\n\t<div id=\"col-1248700676\" class=\"col medium-5 small-12 large-5\"  data-animate=\"fadeInUp\">\n\t\t\t\t<div class=\"col-inner text-shadow-2\" style=\"background-color:rgba(0, 0, 0, 0.53);\" >\n\t\t\t\n\t\t\t\n<div class=\"row\"  id=\"row-839993265\">\n\n\t<div id=\"col-997123450\" class=\"col small-12 large-12\"  >\n\t\t\t\t<div class=\"col-inner text-center dark\"  >\n\t\t\t\n\t\t\t\n<h1><strong><span style=\"font-size: 250%;\" data-line-height=\"s\">RETIROS<\/span><\/strong><br \/><span style=\"color: #abff96; font-size: 180%;\"><strong>EN DIET\u00c9TICAS<\/strong><\/span><\/h1>\n<h3><strong>Buscamos \u201cdespertar\u201d en la comunidad el aprecio por los productos org\u00e1nicos, m\u00e1s sanos, nutritivos y sabrosos.<\/strong><\/h3>\n<a href=\"\/retiros\/product-category\/bolsones\/\" class=\"button white is-outline is-large\"  >\n    <span>VER BOLSON DISPONIBLE<\/span>\n  <\/a>\n\n\t\t<\/div>\n\t\t\t\t\t<\/div>\n\n\t\n<\/div>\n\t\t<\/div>\n\t\t\t\t\n<style>\n#col-1248700676 > .col-inner {\n  padding: 36px 30px 20px 30px;\n}\n<\/style>\n\t<\/div>\n\n\t\n<\/div>\n\t\t<\/div>\n\n\t\t\n<style>\n#section_856416284 {\n  padding-top: 0px;\n  padding-bottom: 0px;\n  min-height: 400px;\n}\n#section_856416284 .section-bg.bg-loaded {\n  background-image: url(https:\/\/agroprimavera.com.ar\/retiros\/wp-content\/uploads\/2020\/09\/7d6f0505-ab9b-491b-ad34-da66339840f3.jpg);\n}\n@media (min-width:550px) {\n  #section_856416284 {\n    min-height: 600px;\n  }\n}\n<\/style>\n\t<\/section>\n\t\n\t<section class=\"section\" id=\"section_1582921994\">\n\t\t<div class=\"bg section-bg fill bg-fill  bg-loaded\" >\n\n\t\t\t\n\t\t\t\n\t\t\t\n\n\t\t<\/div>\n\n\t\t\n\n\t\t<div class=\"section-content relative\">\n\t\t\t\n<div class=\"row row-collapse\"  id=\"row-1628077325\">\n\n\t<div id=\"col-1260850546\" class=\"col medium-6 small-12 large-6\"  >\n\t\t\t\t<div class=\"col-inner\"  >\n\t\t\t\n\t\t\t\n\n  <div class=\"banner has-hover\" id=\"banner-1980363092\">\n          <div class=\"banner-inner fill\">\n        <div class=\"banner-bg fill\" >\n            <div class=\"bg fill bg-fill \"><\/div>\n                                    \n                    <\/div>\n\t\t\n        <div class=\"banner-layers container\">\n            <div class=\"fill banner-link\"><\/div>            \n   <div id=\"text-box-241053259\" class=\"text-box banner-layer x50 md-x50 lg-x50 y50 md-y50 lg-y50 res-text\">\n                                <div class=\"text-box-content text dark\">\n              \n              <div class=\"text-inner text-left\">\n                  \n<div class=\"is-divider divider clearfix\" style=\"margin-top:2.0em;margin-bottom:2.0em;max-width:137px;\"><\/div>\n<h1 class=\"uppercase\"><span style=\"font-size: 130%;\"><strong><span style=\"font-size: 160%;\">BOLS\u00d3N<\/span><br \/>DE LA SEMANA<\/strong><\/span><\/h1>\n<h4 class=\"uppercase\"><strong><span style=\"font-size: 150%;\">FRESCURA INSUPERABLE<\/span><\/strong><\/h4>\n<p><strong><span style=\"font-size: 160%;\">Cosechamos las frutas y hortalizas el mismo d\u00eda que el pedido llega a tu domicilio.<\/span><\/strong><\/p>\n<a href=\"\/retiros\/product-category\/bolsones\/\" class=\"button white is-outline is-xlarge\"  >\n    <span>COMPRAR<\/span>\n  <\/a>\n\n              <\/div>\n           <\/div>\n                            \n<style>\n#text-box-241053259 {\n  width: 83%;\n}\n#text-box-241053259 .text-box-content {\n  font-size: 100%;\n}\n@media (min-width:550px) {\n  #text-box-241053259 {\n    width: 71%;\n  }\n}\n<\/style>\n    <\/div>\n \n        <\/div>\n      <\/div>\n\n            \n<style>\n#banner-1980363092 {\n  padding-top: 80%;\n  background-color: #6ba700;\n}\n<\/style>\n  <\/div>\n\n\n\t\t<\/div>\n\t\t\t\t\t<\/div>\n\n\t\n\n\t<div id=\"col-1107967182\" class=\"col medium-6 small-12 large-6\"  >\n\t\t\t\t<div class=\"col-inner\"  >\n\t\t\t\n\t\t\t\n\n  <div class=\"banner has-hover\" id=\"banner-315701015\">\n          <div class=\"banner-inner fill\">\n        <div class=\"banner-bg fill\" >\n            <div class=\"bg fill bg-fill \"><\/div>\n                        <div class=\"overlay\"><\/div>            \n                    <\/div>\n\t\t\n        <div class=\"banner-layers container\">\n            <div class=\"fill banner-link\"><\/div>            \n        <\/div>\n      <\/div>\n\n            \n<style>\n#banner-315701015 {\n  padding-top: 80%;\n}\n#banner-315701015 .bg.bg-loaded {\n  background-image: url(https:\/\/agroprimavera.com.ar\/retiros\/wp-content\/uploads\/2020\/04\/bolson.jpg);\n}\n#banner-315701015 .overlay {\n  background-color: rgba(0, 0, 0, 0);\n}\n#banner-315701015 .bg {\n  background-position: 0% 0%;\n}\n<\/style>\n  <\/div>\n\n\n\t\t<\/div>\n\t\t\t\t\t<\/div>\n\n\t\n<\/div>\n\t\t<\/div>\n\n\t\t\n<style>\n#section_1582921994 {\n  padding-top: 50px;\n  padding-bottom: 50px;\n}\n<\/style>\n\t<\/section>\n\t\n<div class=\"row\"  id=\"row-311004171\">\n\n\t<div id=\"col-1305540566\" class=\"col small-12 large-12\"  >\n\t\t\t\t<div class=\"col-inner\"  >\n\t\t\t\n\t\t\t\n\t<div id=\"text-193555842\" class=\"text\">\n\t\t\n<h2>ABON\u00c1 CON TU M\u00c9TODO DE PAGO PREFERIDO<\/h2>\n\t\t\n<style>\n#text-193555842 {\n  font-size: 1.4rem;\n  text-align: center;\n}\n<\/style>\n\t<\/div>\n\t\n\t\t<\/div>\n\t\t\t\t\t<\/div>\n\n\t\n<\/div>\n<div class=\"row\"  id=\"row-1704858256\">\n\n\t<div id=\"col-860443606\" class=\"col medium-4 small-12 large-4\"  >\n\t\t\t\t<div class=\"col-inner\"  >\n\t\t\t\n\t\t\t\n\t<div class=\"img has-hover x md-x lg-x y md-y lg-y\" id=\"image_776576926\">\n\t\t\t\t\t\t\t\t<div class=\"img-inner dark\" >\n\t\t\t<img loading=\"lazy\" decoding=\"async\" width=\"322\" height=\"137\" src=\"https:\/\/agroprimavera.com.ar\/retiros\/wp-content\/uploads\/2022\/11\/logoCDNI.png\" class=\"attachment-large size-large\" alt=\"\" \/>\t\t\t\t\t\t\n\t\t\t\t\t<\/div>\n\t\t\t\t\t\t\t\t\n<style>\n#image_776576926 {\n  width: 100%;\n}\n<\/style>\n\t<\/div>\n\t\n\t\t<\/div>\n\t\t\t\t\t<\/div>\n\n\t\n\n\t<div id=\"col-114710344\" class=\"col medium-4 small-12 large-4\"  >\n\t\t\t\t<div class=\"col-inner\"  >\n\t\t\t\n\t\t\t\n\t<div class=\"img has-hover x md-x lg-x y md-y lg-y\" id=\"image_472624073\">\n\t\t\t\t\t\t\t\t<div class=\"img-inner dark\" >\n\t\t\t<img loading=\"lazy\" decoding=\"async\" width=\"322\" height=\"137\" src=\"https:\/\/agroprimavera.com.ar\/retiros\/wp-content\/uploads\/2022\/11\/MP.jpg\" class=\"attachment-large size-large\" alt=\"\" \/>\t\t\t\t\t\t\n\t\t\t\t\t<\/div>\n\t\t\t\t\t\t\t\t\n<style>\n#image_472624073 {\n  width: 100%;\n}\n<\/style>\n\t<\/div>\n\t\n\t\t<\/div>\n\t\t\t\t\t<\/div>\n\n\t\n\n\t<div id=\"col-492950789\" class=\"col medium-4 small-12 large-4\"  >\n\t\t\t\t<div class=\"col-inner\"  >\n\t\t\t\n\t\t\t\n\t<div class=\"img has-hover x md-x lg-x y md-y lg-y\" id=\"image_322750555\">\n\t\t\t\t\t\t\t\t<div class=\"img-inner dark\" >\n\t\t\t<img loading=\"lazy\" decoding=\"async\" width=\"322\" height=\"137\" src=\"https:\/\/agroprimavera.com.ar\/retiros\/wp-content\/uploads\/2022\/11\/tb.jpg\" class=\"attachment-large size-large\" alt=\"\" \/>\t\t\t\t\t\t\n\t\t\t\t\t<\/div>\n\t\t\t\t\t\t\t\t\n<style>\n#image_322750555 {\n  width: 100%;\n}\n<\/style>\n\t<\/div>\n\t\n\t\t<\/div>\n\t\t\t\t\t<\/div>\n\n\t\n<\/div>\n\t<section class=\"section\" id=\"section_2018277368\">\n\t\t<div class=\"bg section-bg fill bg-fill  bg-loaded\" >\n\n\t\t\t\n\t\t\t\n\t\t\t\n\n\t\t<\/div>\n\n\t\t\n\n\t\t<div class=\"section-content relative\">\n\t\t\t\n<div class=\"row align-center\"  id=\"row-188562203\">\n\n\t<div id=\"col-1992798167\" class=\"col medium-4 small-12 large-4\"  data-animate=\"fadeInUp\">\n\t\t\t\t<div class=\"col-inner text-center\"  >\n\t\t\t\n\t\t\t\n\t<div class=\"img has-hover x md-x lg-x y md-y lg-y\" id=\"image_1313566648\">\n\t\t\t\t\t\t\t\t<div class=\"img-inner dark\" >\n\t\t\t<img loading=\"lazy\" decoding=\"async\" width=\"256\" height=\"256\" src=\"https:\/\/agroprimavera.com.ar\/retiros\/wp-content\/uploads\/2020\/07\/planet-earth.png\" class=\"attachment-large size-large\" alt=\"\" srcset=\"https:\/\/agroprimavera.com.ar\/retiros\/wp-content\/uploads\/2020\/07\/planet-earth.png 256w, https:\/\/agroprimavera.com.ar\/retiros\/wp-content\/uploads\/2020\/07\/planet-earth-100x100.png 100w\" sizes=\"(max-width: 256px) 100vw, 256px\" \/>\t\t\t\t\t\t\n\t\t\t\t\t<\/div>\n\t\t\t\t\t\t\t\t\n<style>\n#image_1313566648 {\n  width: 33%;\n}\n<\/style>\n\t<\/div>\n\t\n<p><strong>Toda nuestra cadena de producci\u00f3n est\u00e1 dise\u00f1ada de forma sustentable, desde la siembra de variedades de estaci\u00f3n, hasta la cosecha respetando los tiempos de cultivo.<\/strong><\/p>\n\t\t<\/div>\n\t\t\t\t\t<\/div>\n\n\t\n\n\t<div id=\"col-433569604\" class=\"col medium-4 small-12 large-4\"  data-animate=\"fadeInUp\">\n\t\t\t\t<div class=\"col-inner text-center\"  >\n\t\t\t\n\t\t\t\n\t<div class=\"img has-hover x md-x lg-x y md-y lg-y\" id=\"image_586581232\">\n\t\t\t\t\t\t\t\t<div class=\"img-inner dark\" >\n\t\t\t<img loading=\"lazy\" decoding=\"async\" width=\"256\" height=\"256\" src=\"https:\/\/agroprimavera.com.ar\/retiros\/wp-content\/uploads\/2020\/07\/001-market.png\" class=\"attachment-large size-large\" alt=\"\" srcset=\"https:\/\/agroprimavera.com.ar\/retiros\/wp-content\/uploads\/2020\/07\/001-market.png 256w, https:\/\/agroprimavera.com.ar\/retiros\/wp-content\/uploads\/2020\/07\/001-market-100x100.png 100w\" sizes=\"(max-width: 256px) 100vw, 256px\" \/>\t\t\t\t\t\t\n\t\t\t\t\t<\/div>\n\t\t\t\t\t\t\t\t\n<style>\n#image_586581232 {\n  width: 33%;\n}\n<\/style>\n\t<\/div>\n\t\n<p><strong>Actualmente llegamos a nuestro p\u00fablico participando activamente en ferias y mercados org\u00e1nicos, a trav\u00e9s de tiendas diet\u00e9ticas y repartiendo bolsones a domicilio.<\/strong><\/p>\n\t\t<\/div>\n\t\t\t\t\t<\/div>\n\n\t\n\n\t<div id=\"col-1417715250\" class=\"col medium-4 small-12 large-4\"  data-animate=\"fadeInUp\">\n\t\t\t\t<div class=\"col-inner text-center\"  >\n\t\t\t\n\t\t\t\n\t<div class=\"img has-hover x md-x lg-x y md-y lg-y\" id=\"image_1186618520\">\n\t\t\t\t\t\t\t\t<div class=\"img-inner dark\" >\n\t\t\t<img loading=\"lazy\" decoding=\"async\" width=\"256\" height=\"256\" src=\"https:\/\/agroprimavera.com.ar\/retiros\/wp-content\/uploads\/2020\/07\/002-tea.png\" class=\"attachment-large size-large\" alt=\"\" srcset=\"https:\/\/agroprimavera.com.ar\/retiros\/wp-content\/uploads\/2020\/07\/002-tea.png 256w, https:\/\/agroprimavera.com.ar\/retiros\/wp-content\/uploads\/2020\/07\/002-tea-100x100.png 100w\" sizes=\"(max-width: 256px) 100vw, 256px\" \/>\t\t\t\t\t\t\n\t\t\t\t\t<\/div>\n\t\t\t\t\t\t\t\t\n<style>\n#image_1186618520 {\n  width: 33%;\n}\n<\/style>\n\t<\/div>\n\t\n<p><strong>Junto con los productos de estaci\u00f3n, tambi\u00e9n ofrecemos otros productos naturales como infusiones, huevos de campo, quesos org\u00e1nicos y miel. <\/strong><\/p>\n\t\t<\/div>\n\t\t\t\t\t<\/div>\n\n\t\n<\/div>\n\t\t<\/div>\n\n\t\t\n<style>\n#section_2018277368 {\n  padding-top: 30px;\n  padding-bottom: 30px;\n}\n<\/style>\n\t<\/section>\n\t\n\t<section class=\"section\" id=\"section_1886787859\">\n\t\t<div class=\"bg section-bg fill bg-fill  bg-loaded\" >\n\n\t\t\t\n\t\t\t\n\t\t\t\n\n\t\t<\/div>\n\n\t\t\n\n\t\t<div class=\"section-content relative\">\n\t\t\t\n<div class=\"row row-small align-middle\"  id=\"row-1563489456\">\n\n\t<div id=\"col-1831792392\" class=\"col medium-6 small-12 large-6\"  >\n\t\t\t\t<div class=\"col-inner\"  >\n\t\t\t\n\t\t\t\n\t<div class=\"img has-hover x md-x lg-x y md-y lg-y\" id=\"image_329816363\">\n\t\t\t\t\t\t\t\t<div class=\"img-inner image-cover dark\" style=\"padding-top:80%;\">\n\t\t\t<img loading=\"lazy\" decoding=\"async\" width=\"960\" height=\"960\" src=\"https:\/\/agroprimavera.com.ar\/retiros\/wp-content\/uploads\/2020\/04\/intro.jpg\" class=\"attachment-large size-large\" alt=\"\" srcset=\"https:\/\/agroprimavera.com.ar\/retiros\/wp-content\/uploads\/2020\/04\/intro.jpg 960w, https:\/\/agroprimavera.com.ar\/retiros\/wp-content\/uploads\/2020\/04\/intro-600x600.jpg 600w, https:\/\/agroprimavera.com.ar\/retiros\/wp-content\/uploads\/2020\/04\/intro-100x100.jpg 100w, https:\/\/agroprimavera.com.ar\/retiros\/wp-content\/uploads\/2020\/04\/intro-800x800.jpg 800w, https:\/\/agroprimavera.com.ar\/retiros\/wp-content\/uploads\/2020\/04\/intro-720x720.jpg 720w, https:\/\/agroprimavera.com.ar\/retiros\/wp-content\/uploads\/2020\/04\/intro-500x500.jpg 500w, https:\/\/agroprimavera.com.ar\/retiros\/wp-content\/uploads\/2020\/04\/intro-768x768.jpg 768w\" sizes=\"(max-width: 960px) 100vw, 960px\" \/>\t\t\t\t\t\t\n\t\t\t\t\t<\/div>\n\t\t\t\t\t\t\t\t\n<style>\n#image_329816363 {\n  width: 100%;\n}\n<\/style>\n\t<\/div>\n\t\n\t\t<\/div>\n\t\t\t\t\t<\/div>\n\n\t\n\n\t<div id=\"col-1027328534\" class=\"col medium-6 small-12 large-6\"  >\n\t\t\t\t<div class=\"col-inner\"  >\n\t\t\t\n\t\t\t\n\t<div class=\"img has-hover x md-x lg-x y md-y lg-y\" id=\"image_557337682\">\n\t\t\t\t\t\t\t\t<div class=\"img-inner dark\" >\n\t\t\t<img loading=\"lazy\" decoding=\"async\" width=\"500\" height=\"137\" src=\"https:\/\/agroprimavera.com.ar\/retiros\/wp-content\/uploads\/2020\/07\/Logo_agroprimavera_horizontal.png\" class=\"attachment-large size-large\" alt=\"\" \/>\t\t\t\t\t\t\n\t\t\t\t\t<\/div>\n\t\t\t\t\t\t\t\t\n<style>\n#image_557337682 {\n  width: 80%;\n}\n@media (min-width:550px) {\n  #image_557337682 {\n    width: 72%;\n  }\n}\n<\/style>\n\t<\/div>\n\t\n<p>Somos productores de verduras y frutas agroecol\u00f3gicas, trabajamos el suelo de manera sustentable sin utilizar ning\u00fan tipo de agroqu\u00edmicos. Utilizamos abonos org\u00e1nicos preparados por nosotros. De esta manera buscamos cuidar el medioambiente, a los consumidores y a nosotros como familia productora.\u00a0<\/p>\n<p>En nuestra quinta recibimos la visita de docentes y estudiantes de escuelas y universidades, que desean conocer m\u00e1s sobre la agroecolog\u00eda. Tambi\u00e9n participamos en charlas y conferencias en distintos puntos del pa\u00eds.<\/p>\n<a href=\"\/retiros\/nosotros\/\" class=\"button primary is-outline\"  >\n    <span>CONOC\u00c9 M\u00c1S<\/span>\n  <i class=\"icon-angle-right\" aria-hidden=\"true\" ><\/i><\/a>\n\n\t\t<\/div>\n\t\t\t\t\t<\/div>\n\n\t\n<\/div>\n\t\t<\/div>\n\n\t\t\n<style>\n#section_1886787859 {\n  padding-top: 60px;\n  padding-bottom: 60px;\n  background-color: rgb(245, 245, 245);\n}\n<\/style>\n\t<\/section>\n\t\n\t<section class=\"section has-parallax\" id=\"section_496306244\">\n\t\t<div class=\"bg section-bg fill bg-fill  \" data-parallax-container=\".section\" data-parallax-background data-parallax=\"-10\">\n\n\t\t\t\n\t\t\t<div class=\"section-bg-overlay absolute fill\"><\/div>\n\t\t\t\n\n\t\t<\/div>\n\n\t\t\n\n\t\t<div class=\"section-content relative\">\n\t\t\t\n<div class=\"row row-small align-middle align-center\"  id=\"row-976622592\">\n\n\t<div id=\"col-1069183425\" class=\"col medium-10 small-12 large-10\"  >\n\t\t\t\t<div class=\"col-inner text-center dark\"  >\n\t\t\t\n\t\t\t\n<h3><strong>Somos productores de verduras y frutas agroecol\u00f3gicas, trabajamos el suelo de manera sustentable sin utilizar ning\u00fan tipo de agroqu\u00edmicos. Utilizamos abonos org\u00e1nicos preparados por nosotros. De esta manera buscamos cuidar el medioambiente, a los consumidores y a nosotros como familia productora.<\/strong><\/h3>\n\t\t<\/div>\n\t\t\t\t\n<style>\n#col-1069183425 > .col-inner {\n  padding: 23px 0px 0px 0px;\n}\n<\/style>\n\t<\/div>\n\n\t\n<\/div>\n\t\t<\/div>\n\n\t\t\n<style>\n#section_496306244 {\n  padding-top: 30px;\n  padding-bottom: 30px;\n}\n#section_496306244 .section-bg-overlay {\n  background-color: rgba(0, 0, 0, 0.41);\n}\n#section_496306244 .section-bg.bg-loaded {\n  background-image: url(https:\/\/agroprimavera.com.ar\/retiros\/wp-content\/uploads\/2020\/02\/canva-green-leafy-vegetables-close-up-photography-MADGx7d6aUo.jpg);\n}\n<\/style>\n\t<\/section>\n\t\n\t<section class=\"section\" id=\"section_2003784763\">\n\t\t<div class=\"bg section-bg fill bg-fill  bg-loaded\" >\n\n\t\t\t\n\t\t\t\n\t\t\t\n\n\t\t<\/div>\n\n\t\t\n\n\t\t<div class=\"section-content relative\">\n\t\t\t\n<div class=\"row row-small\"  id=\"row-360476840\">\n\n\t<div id=\"col-130150874\" class=\"col small-12 large-12\"  >\n\t\t\t\t<div class=\"col-inner\"  >\n\t\t\t\n\t\t\t\n<div class=\"container section-title-container\" ><h3 class=\"section-title section-title-normal\"><b><\/b><span class=\"section-title-main\" style=\"font-size:160%;color:rgb(107, 167, 0);\">NOVEDADES del Blog<\/span><b><\/b><\/h3><\/div>\n\t\t<\/div>\n\t\t\t\t\t<\/div>\n\n\t\n<\/div>\n<div class=\"row\"  id=\"row-946734695\">\n\n\t<div id=\"col-570178881\" class=\"col small-12 large-12\"  >\n\t\t\t\t<div class=\"col-inner\"  >\n\t\t\t\n\t\t\t\n\n  \n    <div class=\"row large-columns-3 medium-columns-1 small-columns-1 slider row-slider slider-nav-reveal slider-nav-push\"  data-flickity-options='{\"imagesLoaded\": true, \"groupCells\": \"100%\", \"dragThreshold\" : 5, \"cellAlign\": \"left\",\"wrapAround\": true,\"prevNextButtons\": true,\"percentPosition\": true,\"pageDots\": false, \"rightToLeft\": false, \"autoPlay\" : false}' >\n\n  <div class=\"col post-item\" >\n\t\t\t<div class=\"col-inner\">\n\t\t\t\t<div class=\"box box-normal box-text-bottom box-blog-post has-hover\">\n            \t\t\t\t\t<div class=\"box-image\" >\n  \t\t\t\t\t\t<div class=\"image-cover\" style=\"padding-top:100%;\">\n\t\t\t\t\t\t\t<a href=\"https:\/\/agroprimavera.com.ar\/retiros\/charla-ted-basta-de-agrotoxicos\/\" class=\"plain\" aria-label=\"Charla TED \u201cbasta de agrot\u00f3xicos\u201d\">\n\t\t\t\t\t\t\t\t<img loading=\"lazy\" decoding=\"async\" width=\"598\" height=\"488\" src=\"https:\/\/agroprimavera.com.ar\/retiros\/wp-content\/uploads\/2020\/04\/Captura-de-pantalla-2020-04-14-a-las-23.12.47.png\" class=\"attachment-medium size-medium wp-post-image\" alt=\"\" \/>\t\t\t\t\t\t\t<\/a>\n  \t\t\t\t\t\t\t  \t\t\t\t\t\t\t  \t\t\t\t\t\t<\/div>\n  \t\t\t\t\t\t  \t\t\t\t\t<\/div>\n          \t\t\t\t\t<div class=\"box-text text-center\" >\n\t\t\t\t\t<div class=\"box-text-inner blog-post-inner\">\n\n\t\t\t\t\t\n\t\t\t\t\t\t\t\t\t\t<h5 class=\"post-title is-large \">\n\t\t\t\t\t\t<a href=\"https:\/\/agroprimavera.com.ar\/retiros\/charla-ted-basta-de-agrotoxicos\/\" class=\"plain\">Charla TED \u201cbasta de agrot\u00f3xicos\u201d<\/a>\n\t\t\t\t\t<\/h5>\n\t\t\t\t\t\t\t\t\t\t<div class=\"is-divider\"><\/div>\n\t\t\t\t\t\t\t\t\t\t<p class=\"from_the_blog_excerpt \">\n\t\t\t\t\t\t&nbsp;\t\t\t\t\t<\/p>\n\t\t\t\t\t                    \n\t\t\t\t\t\t\t\t\t\t\t<a href=\"https:\/\/agroprimavera.com.ar\/retiros\/charla-ted-basta-de-agrotoxicos\/\" class=\"button primary is-outline is-small mb-0\">\n\t\t\t\t\t\t\tVer +\t\t\t\t\t\t<\/a>\n\t\t\t\t\t\n\t\t\t\t\t\n\t\t\t\t\t<\/div>\n\t\t\t\t\t<\/div>\n\t\t\t\t\t\t\t\t\t\t\t\t\t\t\t\t<div class=\"badge absolute top post-date badge-outline\">\n\t\t\t\t\t\t\t<div class=\"badge-inner\">\n\t\t\t\t\t\t\t\t<span class=\"post-date-day\">15<\/span><br>\n\t\t\t\t\t\t\t\t<span class=\"post-date-month is-xsmall\">Abr<\/span>\n\t\t\t\t\t\t\t<\/div>\n\t\t\t\t\t\t<\/div>\n\t\t\t\t\t\t\t\t\t<\/div>\n\t\t\t<\/div>\n\t\t<\/div><\/div>\n\t\t<\/div>\n\t\t\t\t\t<\/div>\n\n\t\n<\/div>\n\t\t<\/div>\n\n\t\t\n<style>\n#section_2003784763 {\n  padding-top: 30px;\n  padding-bottom: 30px;\n}\n<\/style>\n\t<\/section>\n\t\n<!--\n\n\n[lightbox auto_open=\"true\" auto_timer=\"3000\" auto_show=\"always\" id=\"newsletter-signup-link\" width=\"650px\" padding=\"20px\"]\n[block id=\"cuenta-dni\"]\n[\/lightbox]\n\n\n--><\/p>\n","protected":false},"excerpt":{"rendered":"","protected":false},"author":9,"featured_media":0,"parent":0,"menu_order":0,"comment_status":"closed","ping_status":"closed","template":"page-blank.php","meta":{"footnotes":""},"class_list":["post-16","page","type-page","status-publish","hentry"],"_links":{"self":[{"href":"https:\/\/agroprimavera.com.ar\/retiros\/wp-json\/wp\/v2\/pages\/16"}],"collection":[{"href":"https:\/\/agroprimavera.com.ar\/retiros\/wp-json\/wp\/v2\/pages"}],"about":[{"href":"https:\/\/agroprimavera.com.ar\/retiros\/wp-json\/wp\/v2\/types\/page"}],"author":[{"embeddable":true,"href":"https:\/\/agroprimavera.com.ar\/retiros\/wp-json\/wp\/v2\/users\/9"}],"replies":[{"embeddable":true,"href":"https:\/\/agroprimavera.com.ar\/retiros\/wp-json\/wp\/v2\/comments?post=16"}],"version-history":[{"count":15,"href":"https:\/\/agroprimavera.com.ar\/retiros\/wp-json\/wp\/v2\/pages\/16\/revisions"}],"predecessor-version":[{"id":9722,"href":"https:\/\/agroprimavera.com.ar\/retiros\/wp-json\/wp\/v2\/pages\/16\/revisions\/9722"}],"wp:attachment":[{"href":"https:\/\/agroprimavera.com.ar\/retiros\/wp-json\/wp\/v2\/media?parent=16"}],"curies":[{"name":"wp","href":"https:\/\/api.w.org\/{rel}","templated":true}]}}