{"id":13652,"date":"2025-10-23T14:20:20","date_gmt":"2025-10-23T14:20:20","guid":{"rendered":"https:\/\/agroprimavera.com.ar\/retiros\/?post_type=product&#038;p=13652"},"modified":"2026-05-07T11:55:19","modified_gmt":"2026-05-07T11:55:19","slug":"bolson-mixto-clasico","status":"publish","type":"product","link":"https:\/\/agroprimavera.com.ar\/retiros\/producto\/bolson-mixto-clasico\/","title":{"rendered":"BOLS\u00d3N MIXTO PEQUE\u00d1O"},"content":{"rendered":"","protected":false},"excerpt":{"rendered":"<h4><strong>BOLS\u00d3N MIXTO PEQUE\u00d1O: <\/strong>es un bols\u00f3n conformado con 8 variedades agroecol\u00f3gicas ,con un peso aproximado de 5kg<\/h4>\n<h4><span style=\"color: #00a859;\"><strong>Incluye: <\/strong><\/span><strong>\u00a0ESPINACA, RABANITO, REPOLLO ROJO, FRANCESA, ANCO, ZUCCHINI, ACELGA Y KALE VERDE<\/strong><\/h4>\n<h4>Puede variar seg\u00fan stock de cosecha (no suele pasar pero dependemos del clima y la disponibilidad)<\/h4>\n<p><strong><em>RECORD\u00c1 HACER LA DEVOLUCI\u00d3N DE LA BOLSA AL RECIBIR TU SEGUNDO BOLS\u00d3N. SON DE UN MATERIAL REUTILIZABLE PARA GENERAR MENOS CONTAMINACI\u00d3N.<\/em><\/strong><\/p>\n<p><strong>\u00a0REVIS\u00c1 LA FECHA DE ENTREGA Y CUALQUIER DUDA ESCRIBINOS AL WHATSAPP<\/strong><\/p>\n","protected":false},"featured_media":14229,"template":"","meta":[],"product_brand":[],"product_cat":[101],"product_tag":[],"class_list":{"0":"post-13652","1":"product","2":"type-product","3":"status-publish","4":"has-post-thumbnail","6":"product_cat-bolsones","8":"first","9":"instock","10":"shipping-taxable","11":"purchasable","12":"product-type-simple"},"_links":{"self":[{"href":"https:\/\/agroprimavera.com.ar\/retiros\/wp-json\/wp\/v2\/product\/13652"}],"collection":[{"href":"https:\/\/agroprimavera.com.ar\/retiros\/wp-json\/wp\/v2\/product"}],"about":[{"href":"https:\/\/agroprimavera.com.ar\/retiros\/wp-json\/wp\/v2\/types\/product"}],"wp:featuredmedia":[{"embeddable":true,"href":"https:\/\/agroprimavera.com.ar\/retiros\/wp-json\/wp\/v2\/media\/14229"}],"wp:attachment":[{"href":"https:\/\/agroprimavera.com.ar\/retiros\/wp-json\/wp\/v2\/media?parent=13652"}],"wp:term":[{"taxonomy":"product_brand","embeddable":true,"href":"https:\/\/agroprimavera.com.ar\/retiros\/wp-json\/wp\/v2\/product_brand?post=13652"},{"taxonomy":"product_cat","embeddable":true,"href":"https:\/\/agroprimavera.com.ar\/retiros\/wp-json\/wp\/v2\/product_cat?post=13652"},{"taxonomy":"product_tag","embeddable":true,"href":"https:\/\/agroprimavera.com.ar\/retiros\/wp-json\/wp\/v2\/product_tag?post=13652"}],"curies":[{"name":"wp","href":"https:\/\/api.w.org\/{rel}","templated":true}]}}