{"id":435,"date":"2020-04-15T01:39:20","date_gmt":"2020-04-15T01:39:20","guid":{"rendered":"http:\/\/c1710911.ferozo.com\/?post_type=product&#038;p=435"},"modified":"2026-05-07T11:56:52","modified_gmt":"2026-05-07T11:56:52","slug":"bolson","status":"publish","type":"product","link":"https:\/\/agroprimavera.com.ar\/retiros\/producto\/bolson\/","title":{"rendered":"BOLS\u00d3N MIXTO FAMILIAR"},"content":{"rendered":"<p>ESPINACA, PEREJIL, KABUTIA, HINOJO, PUERRO, CHOCLO, ACELGA, RADICHETA, REMOLACHA, FRANCESA, MORADA, BERENJENA NEGRA, CHAUCHA Y VERDEO.<\/p>\n","protected":false},"excerpt":{"rendered":"<p><span style=\"font-size: 100%;\"><strong><span style=\"color: #ed1c24;\">BOLS\u00d3N MIXTO FAMILIAR : <span style=\"color: #282828;\">. Es un propuesta muy abundante y rendidora que incluye 14 variedades de estaci\u00f3n agroecol\u00f3gicas. Peso aproximado 8 a 9kg<\/span><\/span><\/strong><\/span><\/p>\n<p><span style=\"color: #00a859;\"><b> <strong>Incluye: ESPINACA, PUERRO, VERDEO, ACELGA, REPOLLO BLANCO, APIO, PEREJIL, REMOLACHA, HINOJO, CHOCLO, ANCO, FRANCESA, MANTECOSA Y ZAPALLO KABUTIA<\/strong><\/b><\/span><\/p>\n<p><span style=\"font-size: 14.4px;\">Puede variar seg\u00fan stock de cosecha (no suele pasar pero dependemos del clima y la disponibilidad)<\/span><\/p>\n<p><strong><em>RECORD\u00c1 HACER LA DEVOLUCI\u00d3N DE LA BOLSA AL RECIBIR TU SEGUNDO BOLS\u00d3N. SON DE UN MATERIAL REUTILIZABLE PARA GENERAR MENOS CONTAMINACI\u00d3N.<\/em><\/strong><\/p>\n<p><strong>\u00a0REVIS\u00c1 LA FECHA DE ENTREGA Y CUALQUIER DUDA ESCRIBINOS AL WHATSAPP<\/strong><\/p>\n","protected":false},"featured_media":14237,"template":"","meta":[],"product_brand":[],"product_cat":[101],"product_tag":[],"class_list":{"0":"post-435","1":"product","2":"type-product","3":"status-publish","4":"has-post-thumbnail","6":"product_cat-bolsones","8":"first","9":"instock","10":"shipping-taxable","11":"purchasable","12":"product-type-simple"},"_links":{"self":[{"href":"https:\/\/agroprimavera.com.ar\/retiros\/wp-json\/wp\/v2\/product\/435"}],"collection":[{"href":"https:\/\/agroprimavera.com.ar\/retiros\/wp-json\/wp\/v2\/product"}],"about":[{"href":"https:\/\/agroprimavera.com.ar\/retiros\/wp-json\/wp\/v2\/types\/product"}],"wp:featuredmedia":[{"embeddable":true,"href":"https:\/\/agroprimavera.com.ar\/retiros\/wp-json\/wp\/v2\/media\/14237"}],"wp:attachment":[{"href":"https:\/\/agroprimavera.com.ar\/retiros\/wp-json\/wp\/v2\/media?parent=435"}],"wp:term":[{"taxonomy":"product_brand","embeddable":true,"href":"https:\/\/agroprimavera.com.ar\/retiros\/wp-json\/wp\/v2\/product_brand?post=435"},{"taxonomy":"product_cat","embeddable":true,"href":"https:\/\/agroprimavera.com.ar\/retiros\/wp-json\/wp\/v2\/product_cat?post=435"},{"taxonomy":"product_tag","embeddable":true,"href":"https:\/\/agroprimavera.com.ar\/retiros\/wp-json\/wp\/v2\/product_tag?post=435"}],"curies":[{"name":"wp","href":"https:\/\/api.w.org\/{rel}","templated":true}]}}